{"id":593,"date":"2018-12-20T00:15:39","date_gmt":"2018-12-19T23:15:39","guid":{"rendered":"http:\/\/www.isledanse.fr\/?page_id=593"},"modified":"2020-01-03T15:04:44","modified_gmt":"2020-01-03T14:04:44","slug":"partenariat","status":"publish","type":"page","link":"http:\/\/www.isledanse.fr\/index.php\/partenariat\/","title":{"rendered":"Partenariat"},"content":{"rendered":"\n<p class=\"has-text-color has-black-color\">Notre association est devenue partenaire du <strong>Th\u00e9\u00e2tre de L&rsquo;union<\/strong> \u00e0 Limoges. Si vous voulez des informations sur les programmes, cliquer sur le lien suivant : <\/p>\n\n\n\n<p class=\"has-text-align-center\"><a href=\"http:\/\/www.theatre-union.fr\/fr\/en-attendant-la-rentree-0\">http:\/\/www.theatre-union.fr\/fr\/en-attendant-la-rentree-0<\/a><\/p>\n\n\n\n<p><\/p>\n","protected":false},"excerpt":{"rendered":"<p>Notre association est devenue partenaire du Th\u00e9\u00e2tre de L&rsquo;union \u00e0 Limoges. Si vous voulez des informations sur les programmes, cliquer sur le lien suivant : http:\/\/www.theatre-union.fr\/fr\/en-attendant-la-rentree-0<\/p>\n","protected":false},"author":1,"featured_media":0,"parent":0,"menu_order":0,"comment_status":"closed","ping_status":"closed","template":"","meta":{"kt_blocks_editor_width":"","footnotes":""},"class_list":["post-593","page","type-page","status-publish","hentry"],"_links":{"self":[{"href":"http:\/\/www.isledanse.fr\/index.php\/wp-json\/wp\/v2\/pages\/593","targetHints":{"allow":["GET"]}}],"collection":[{"href":"http:\/\/www.isledanse.fr\/index.php\/wp-json\/wp\/v2\/pages"}],"about":[{"href":"http:\/\/www.isledanse.fr\/index.php\/wp-json\/wp\/v2\/types\/page"}],"author":[{"embeddable":true,"href":"http:\/\/www.isledanse.fr\/index.php\/wp-json\/wp\/v2\/users\/1"}],"replies":[{"embeddable":true,"href":"http:\/\/www.isledanse.fr\/index.php\/wp-json\/wp\/v2\/comments?post=593"}],"version-history":[{"count":7,"href":"http:\/\/www.isledanse.fr\/index.php\/wp-json\/wp\/v2\/pages\/593\/revisions"}],"predecessor-version":[{"id":781,"href":"http:\/\/www.isledanse.fr\/index.php\/wp-json\/wp\/v2\/pages\/593\/revisions\/781"}],"wp:attachment":[{"href":"http:\/\/www.isledanse.fr\/index.php\/wp-json\/wp\/v2\/media?parent=593"}],"curies":[{"name":"wp","href":"https:\/\/api.w.org\/{rel}","templated":true}]}}