{"id":409,"date":"2017-09-11T22:58:52","date_gmt":"2017-09-11T21:58:52","guid":{"rendered":"http:\/\/www.isledanse.fr\/?page_id=409"},"modified":"2021-12-14T11:58:23","modified_gmt":"2021-12-14T10:58:23","slug":"reglement-interieur","status":"publish","type":"page","link":"http:\/\/www.isledanse.fr\/index.php\/reglement-interieur\/","title":{"rendered":"<span style=\"color: #000000;\">R\u00e8glement int\u00e9rieur<\/span>"},"content":{"rendered":"<p><span style=\"color: #000000;\">Vous trouverez le texte du r\u00e8glement int\u00e9rieur en cliquant sur le lien suivant :<\/span> <a href=\"http:\/\/www.isledanse.fr\/wp-content\/uploads\/2021\/12\/Association-Isle-Danse-reglement-interieur.pdf\">R\u00e8glement int\u00e9rieur<\/a><\/p>\n<p><span style=\"color: #000000;\">Attention le ficher est au format PDF et vous ne pourrez le lire que si vous avez un lecteur de fichier appropri\u00e9.<\/span><\/p>\n","protected":false},"excerpt":{"rendered":"<p>Vous trouverez le texte du r\u00e8glement int\u00e9rieur en cliquant sur le lien suivant : R\u00e8glement int\u00e9rieur Attention le ficher est au format PDF et vous ne pourrez le lire que si vous avez un lecteur de fichier appropri\u00e9.<\/p>\n","protected":false},"author":1,"featured_media":0,"parent":0,"menu_order":0,"comment_status":"closed","ping_status":"closed","template":"","meta":{"kt_blocks_editor_width":"","footnotes":""},"class_list":["post-409","page","type-page","status-publish","hentry"],"_links":{"self":[{"href":"http:\/\/www.isledanse.fr\/index.php\/wp-json\/wp\/v2\/pages\/409","targetHints":{"allow":["GET"]}}],"collection":[{"href":"http:\/\/www.isledanse.fr\/index.php\/wp-json\/wp\/v2\/pages"}],"about":[{"href":"http:\/\/www.isledanse.fr\/index.php\/wp-json\/wp\/v2\/types\/page"}],"author":[{"embeddable":true,"href":"http:\/\/www.isledanse.fr\/index.php\/wp-json\/wp\/v2\/users\/1"}],"replies":[{"embeddable":true,"href":"http:\/\/www.isledanse.fr\/index.php\/wp-json\/wp\/v2\/comments?post=409"}],"version-history":[{"count":4,"href":"http:\/\/www.isledanse.fr\/index.php\/wp-json\/wp\/v2\/pages\/409\/revisions"}],"predecessor-version":[{"id":1070,"href":"http:\/\/www.isledanse.fr\/index.php\/wp-json\/wp\/v2\/pages\/409\/revisions\/1070"}],"wp:attachment":[{"href":"http:\/\/www.isledanse.fr\/index.php\/wp-json\/wp\/v2\/media?parent=409"}],"curies":[{"name":"wp","href":"https:\/\/api.w.org\/{rel}","templated":true}]}}