{"id":39,"date":"2015-12-11T00:12:04","date_gmt":"2015-12-10T23:12:04","guid":{"rendered":"http:\/\/www.isledanse.fr\/?page_id=39"},"modified":"2021-12-14T10:37:26","modified_gmt":"2021-12-14T09:37:26","slug":"horaires","status":"publish","type":"page","link":"http:\/\/www.isledanse.fr\/index.php\/horaires\/","title":{"rendered":"Histoire du club"},"content":{"rendered":"<p><span style=\"color: #000000;\">En 1996 un groupe d&rsquo;amis ayant un fort penchant pour les danses de salon d\u00e9cida de fonder une association pour pouvoir pratiquer et assouvir leur passion : Isle Danse \u00e9tait n\u00e9e. Au tout d\u00e9but une dizaine d&rsquo;adh\u00e9rents ont suivi les cours de Marie la premi\u00e8re \u00e0 enseigner dans notre association ; puis Claude prit le relais dans la bonne humeur durant 13 ann\u00e9es qui ont vu lsle Danse grandir en nombre d&rsquo;adh\u00e9rents et en soir\u00e9es festives et tr\u00e8s conviviales.<br \/>\nDepuis septembre 2013, c&rsquo;est Marie-Laure qui enseigne avec dynamisme et sourire les trois cours propos\u00e9s.<br \/>\nLes soir\u00e9es d&rsquo;application mensuelles sont toujours tr\u00e8s appr\u00e9ci\u00e9es, \u00e9tant des moments de partage des plus sympathiques autour de la danse et des agapes, que celles-ci soient offertes par l&rsquo;association ou concoct\u00e9es par chacun.<br \/>\nCet esprit d&rsquo;amiti\u00e9 qui perdure depuis si longtemps est devenu \u00ab\u00a0la marque\u00a0\u00bb de Isle Danse , association o\u00f9 il fait bon danser !!<\/span><\/p>\n","protected":false},"excerpt":{"rendered":"<p>En 1996 un groupe d&rsquo;amis ayant un fort penchant pour les danses de salon d\u00e9cida de fonder une association pour pouvoir pratiquer et assouvir leur passion : Isle Danse \u00e9tait n\u00e9e. Au tout d\u00e9but une dizaine d&rsquo;adh\u00e9rents ont suivi les &hellip; <a href=\"http:\/\/www.isledanse.fr\/index.php\/horaires\/\">Lire la suite\u00ad\u00ad<\/a><\/p>\n","protected":false},"author":1,"featured_media":0,"parent":0,"menu_order":0,"comment_status":"closed","ping_status":"closed","template":"page-fullwidth.php","meta":{"kt_blocks_editor_width":"","footnotes":""},"class_list":["post-39","page","type-page","status-publish","hentry"],"_links":{"self":[{"href":"http:\/\/www.isledanse.fr\/index.php\/wp-json\/wp\/v2\/pages\/39","targetHints":{"allow":["GET"]}}],"collection":[{"href":"http:\/\/www.isledanse.fr\/index.php\/wp-json\/wp\/v2\/pages"}],"about":[{"href":"http:\/\/www.isledanse.fr\/index.php\/wp-json\/wp\/v2\/types\/page"}],"author":[{"embeddable":true,"href":"http:\/\/www.isledanse.fr\/index.php\/wp-json\/wp\/v2\/users\/1"}],"replies":[{"embeddable":true,"href":"http:\/\/www.isledanse.fr\/index.php\/wp-json\/wp\/v2\/comments?post=39"}],"version-history":[{"count":17,"href":"http:\/\/www.isledanse.fr\/index.php\/wp-json\/wp\/v2\/pages\/39\/revisions"}],"predecessor-version":[{"id":1057,"href":"http:\/\/www.isledanse.fr\/index.php\/wp-json\/wp\/v2\/pages\/39\/revisions\/1057"}],"wp:attachment":[{"href":"http:\/\/www.isledanse.fr\/index.php\/wp-json\/wp\/v2\/media?parent=39"}],"curies":[{"name":"wp","href":"https:\/\/api.w.org\/{rel}","templated":true}]}}