{"id":1439,"date":"2025-09-08T22:01:03","date_gmt":"2025-09-08T21:01:03","guid":{"rendered":"http:\/\/www.isledanse.fr\/?page_id=1439"},"modified":"2025-09-09T21:28:32","modified_gmt":"2025-09-09T20:28:32","slug":"danse-de-salon","status":"publish","type":"page","link":"http:\/\/www.isledanse.fr\/index.php\/danse-de-salon\/","title":{"rendered":"Danse de salon"},"content":{"rendered":"\n<p>Les 10 danses de salon se composent de <br>cinq danses dites \u00ab\u00a0standards\u00a0\u00bb : le <strong>tango<\/strong>, la <strong>valse viennoise<\/strong>, la <strong>valse anglaise<\/strong>, le <strong>quickstep<\/strong> et le <strong>foxtrot<\/strong>,<br>cinq danses latines : le <strong>cha-cha-cha<\/strong>, la <strong>rumba<\/strong>, la <strong>samba<\/strong>, le <strong>paso doble<\/strong> et le <strong>jive<\/strong> (en fait tr\u00e8s proche du rock&rsquo;n roll).<\/p>\n\n\n\n<p><em>Que vous suiviez le niveau d\u00e9butant, ou perfectionnement, les cours sont organis\u00e9s par p\u00e9riodes de 6 \u00e0 7 semaines (en suivant le rythme des p\u00e9riodes scolaires) :<br>pendant chaque p\u00e9riode nous travaillons deux danses (par exemple cha-cha-cha + valse) ; tout cela tr\u00e8s progressivement, en partant du pas de base et en ajoutant au fil du temps des figures \u00e0 notre \u00ab\u00a0chor\u00e9graphie\u00a0\u00bb.<br>Le tout dans la bonne humeur et sans se prendre la t\u00eate (on se prend d\u00e9j\u00e0 assez les jambes\u2026).<\/em><\/p>\n\n\n\n<p>Les danses de salon sont enseign\u00e9es par Marie-Laure \u2026amateure et cependant triple championne de France 10 danses en couple (et 5e mondial en avril 2025 en Turquie au dernier championnat du monde)\u2026<br>Rassurez-vous, elle vient gentiment nous chercher \u00e0 notre petit niveau, pour nous faire progresser un peu plus \u00e0 chaque semaine.<\/p>\n\n\n\n<figure class=\"wp-block-image size-large\"><a href=\"http:\/\/www.isledanse.fr\/wp-content\/uploads\/2025\/09\/Concours1.jpg\"><img loading=\"lazy\" decoding=\"async\" width=\"1024\" height=\"683\" src=\"http:\/\/www.isledanse.fr\/wp-content\/uploads\/2025\/09\/Concours1.jpg\" alt=\"\" class=\"wp-image-1444\" srcset=\"http:\/\/www.isledanse.fr\/wp-content\/uploads\/2025\/09\/Concours1.jpg 1024w, http:\/\/www.isledanse.fr\/wp-content\/uploads\/2025\/09\/Concours1-300x200.jpg 300w, http:\/\/www.isledanse.fr\/wp-content\/uploads\/2025\/09\/Concours1-768x512.jpg 768w\" sizes=\"auto, (max-width: 1024px) 100vw, 1024px\" \/><\/a><\/figure>\n\n\n\n<figure class=\"wp-block-image size-large\"><a href=\"http:\/\/www.isledanse.fr\/wp-content\/uploads\/2025\/09\/Concours3.jpg\"><img loading=\"lazy\" decoding=\"async\" width=\"1024\" height=\"683\" src=\"http:\/\/www.isledanse.fr\/wp-content\/uploads\/2025\/09\/Concours3.jpg\" alt=\"\" class=\"wp-image-1446\" srcset=\"http:\/\/www.isledanse.fr\/wp-content\/uploads\/2025\/09\/Concours3.jpg 1024w, http:\/\/www.isledanse.fr\/wp-content\/uploads\/2025\/09\/Concours3-300x200.jpg 300w, http:\/\/www.isledanse.fr\/wp-content\/uploads\/2025\/09\/Concours3-768x512.jpg 768w\" sizes=\"auto, (max-width: 1024px) 100vw, 1024px\" \/><\/a><\/figure>\n\n\n\n<figure class=\"wp-block-gallery has-nested-images columns-default is-cropped wp-block-gallery-1 is-layout-flex wp-block-gallery-is-layout-flex\">\n<figure class=\"wp-block-image size-large\"><a href=\"http:\/\/www.isledanse.fr\/wp-content\/uploads\/2025\/09\/Concours2.jpg\"><img loading=\"lazy\" decoding=\"async\" width=\"683\" height=\"1024\" data-id=\"1447\" src=\"http:\/\/www.isledanse.fr\/wp-content\/uploads\/2025\/09\/Concours2.jpg\" alt=\"\" class=\"wp-image-1447\" srcset=\"http:\/\/www.isledanse.fr\/wp-content\/uploads\/2025\/09\/Concours2.jpg 683w, http:\/\/www.isledanse.fr\/wp-content\/uploads\/2025\/09\/Concours2-200x300.jpg 200w\" sizes=\"auto, (max-width: 683px) 100vw, 683px\" \/><\/a><\/figure>\n\n\n\n<figure class=\"wp-block-image size-large\"><a href=\"http:\/\/www.isledanse.fr\/wp-content\/uploads\/2025\/09\/Medaille.jpg\"><img loading=\"lazy\" decoding=\"async\" width=\"768\" height=\"576\" data-id=\"1445\" src=\"http:\/\/www.isledanse.fr\/wp-content\/uploads\/2025\/09\/Medaille.jpg\" alt=\"\" class=\"wp-image-1445\" srcset=\"http:\/\/www.isledanse.fr\/wp-content\/uploads\/2025\/09\/Medaille.jpg 768w, http:\/\/www.isledanse.fr\/wp-content\/uploads\/2025\/09\/Medaille-300x225.jpg 300w\" sizes=\"auto, (max-width: 768px) 100vw, 768px\" \/><\/a><\/figure>\n<\/figure>\n\n\n\n<p><\/p>\n\n\n\n<div class=\"wp-block-buttons is-layout-flex wp-block-buttons-is-layout-flex\">\n<div class=\"wp-block-button is-style-outline is-style-outline--2\"><a class=\"wp-block-button__link wp-element-button\" href=\"\/\">Retour \u00e0 l&rsquo;accueil<\/a><\/div>\n<\/div>\n","protected":false},"excerpt":{"rendered":"<p>Les 10 danses de salon se composent de cinq danses dites \u00ab\u00a0standards\u00a0\u00bb : le tango, la valse viennoise, la valse anglaise, le quickstep et le foxtrot,cinq danses latines : le cha-cha-cha, la rumba, la samba, le paso doble et le &hellip; <a href=\"http:\/\/www.isledanse.fr\/index.php\/danse-de-salon\/\">Lire la suite\u00ad\u00ad<\/a><\/p>\n","protected":false},"author":1,"featured_media":0,"parent":0,"menu_order":0,"comment_status":"closed","ping_status":"closed","template":"","meta":{"kt_blocks_editor_width":"","footnotes":""},"class_list":["post-1439","page","type-page","status-publish","hentry"],"_links":{"self":[{"href":"http:\/\/www.isledanse.fr\/index.php\/wp-json\/wp\/v2\/pages\/1439","targetHints":{"allow":["GET"]}}],"collection":[{"href":"http:\/\/www.isledanse.fr\/index.php\/wp-json\/wp\/v2\/pages"}],"about":[{"href":"http:\/\/www.isledanse.fr\/index.php\/wp-json\/wp\/v2\/types\/page"}],"author":[{"embeddable":true,"href":"http:\/\/www.isledanse.fr\/index.php\/wp-json\/wp\/v2\/users\/1"}],"replies":[{"embeddable":true,"href":"http:\/\/www.isledanse.fr\/index.php\/wp-json\/wp\/v2\/comments?post=1439"}],"version-history":[{"count":7,"href":"http:\/\/www.isledanse.fr\/index.php\/wp-json\/wp\/v2\/pages\/1439\/revisions"}],"predecessor-version":[{"id":1462,"href":"http:\/\/www.isledanse.fr\/index.php\/wp-json\/wp\/v2\/pages\/1439\/revisions\/1462"}],"wp:attachment":[{"href":"http:\/\/www.isledanse.fr\/index.php\/wp-json\/wp\/v2\/media?parent=1439"}],"curies":[{"name":"wp","href":"https:\/\/api.w.org\/{rel}","templated":true}]}}