{"id":1174,"date":"2023-01-03T18:04:19","date_gmt":"2023-01-03T17:04:19","guid":{"rendered":"https:\/\/www.isledanse.fr\/?page_id=1174"},"modified":"2025-09-08T22:41:55","modified_gmt":"2025-09-08T21:41:55","slug":"danse-en-ligne","status":"publish","type":"page","link":"http:\/\/www.isledanse.fr\/index.php\/danse-en-ligne\/","title":{"rendered":"Danse en ligne"},"content":{"rendered":"\n<p><strong> La danse en ligne a lieu le mercredi soir \u00e0 18h30<\/strong><\/p>\n\n\n\n<figure class=\"wp-block-table\"><table><tbody><tr><td>\u00e0 la <strong>grande salle de convivialit\u00e9 du gymnase MARCEL LALU<\/strong> \u00e0 ISLE<\/td><\/tr><\/tbody><\/table><\/figure>\n\n\n\n<figure class=\"wp-block-image size-full\"><a href=\"http:\/\/www.isledanse.fr\/wp-content\/uploads\/2025\/09\/IMG-20250827-WA0002.jpg\"><img loading=\"lazy\" decoding=\"async\" width=\"512\" height=\"512\" src=\"http:\/\/www.isledanse.fr\/wp-content\/uploads\/2025\/09\/IMG-20250827-WA0002.jpg\" alt=\"\" class=\"wp-image-1434\" srcset=\"http:\/\/www.isledanse.fr\/wp-content\/uploads\/2025\/09\/IMG-20250827-WA0002.jpg 512w, http:\/\/www.isledanse.fr\/wp-content\/uploads\/2025\/09\/IMG-20250827-WA0002-300x300.jpg 300w, http:\/\/www.isledanse.fr\/wp-content\/uploads\/2025\/09\/IMG-20250827-WA0002-150x150.jpg 150w\" sizes=\"auto, (max-width: 512px) 100vw, 512px\" \/><\/a><\/figure>\n\n\n\n<div class=\"wp-block-kadence-column inner-column-1 kadence-column_ea2b6e-80\"><div class=\"kt-inside-inner-col\">\n<p><em>Bien s\u00fbr, il y a le Madison, mais pas que\u2026<br>Tous les mercredis soirs, venez vous prendre pour Madonna ou pour les Rois du monde\u2026<br>Et si vous avez vu une chor\u00e9graphie qui vous pla\u00eet, vous pouvez demander \u00e0 la travailler.<br>Le but est de se faire plaisir !<br>Vous verrez que l&rsquo;on fait travailler son corps et \u2026sa m\u00e9moire !!<\/em><\/p>\n\n\n\n<p>A ce jour, le cours est assur\u00e9 par des membres du club.<\/p>\n\n\n\n<p> <\/p>\n\n\n\n<div class=\"wp-block-buttons is-layout-flex wp-block-buttons-is-layout-flex\">\n<div class=\"wp-block-button is-style-outline is-style-outline--1\"><a class=\"wp-block-button__link wp-element-button\" href=\"\/\">Retour \u00e0 l&rsquo;accueil<\/a><\/div>\n<\/div>\n\n\n\n<p><\/p>\n\n\n\n<p><\/p>\n<\/div><\/div>\n","protected":false},"excerpt":{"rendered":"<p>La danse en ligne a lieu le mercredi soir \u00e0 18h30 \u00e0 la grande salle de convivialit\u00e9 du gymnase MARCEL LALU \u00e0 ISLE Bien s\u00fbr, il y a le Madison, mais pas que\u2026Tous les mercredis soirs, venez vous prendre pour &hellip; <a href=\"http:\/\/www.isledanse.fr\/index.php\/danse-en-ligne\/\">Lire la suite\u00ad\u00ad<\/a><\/p>\n","protected":false},"author":1,"featured_media":0,"parent":0,"menu_order":0,"comment_status":"closed","ping_status":"closed","template":"","meta":{"kt_blocks_editor_width":"","footnotes":""},"class_list":["post-1174","page","type-page","status-publish","hentry"],"_links":{"self":[{"href":"http:\/\/www.isledanse.fr\/index.php\/wp-json\/wp\/v2\/pages\/1174","targetHints":{"allow":["GET"]}}],"collection":[{"href":"http:\/\/www.isledanse.fr\/index.php\/wp-json\/wp\/v2\/pages"}],"about":[{"href":"http:\/\/www.isledanse.fr\/index.php\/wp-json\/wp\/v2\/types\/page"}],"author":[{"embeddable":true,"href":"http:\/\/www.isledanse.fr\/index.php\/wp-json\/wp\/v2\/users\/1"}],"replies":[{"embeddable":true,"href":"http:\/\/www.isledanse.fr\/index.php\/wp-json\/wp\/v2\/comments?post=1174"}],"version-history":[{"count":14,"href":"http:\/\/www.isledanse.fr\/index.php\/wp-json\/wp\/v2\/pages\/1174\/revisions"}],"predecessor-version":[{"id":1461,"href":"http:\/\/www.isledanse.fr\/index.php\/wp-json\/wp\/v2\/pages\/1174\/revisions\/1461"}],"wp:attachment":[{"href":"http:\/\/www.isledanse.fr\/index.php\/wp-json\/wp\/v2\/media?parent=1174"}],"curies":[{"name":"wp","href":"https:\/\/api.w.org\/{rel}","templated":true}]}}